{"id":37,"date":"2020-06-05T16:16:26","date_gmt":"2020-06-05T16:16:26","guid":{"rendered":"http:\/\/peccadello.ee\/?page_id=37"},"modified":"2021-04-19T14:07:41","modified_gmt":"2021-04-19T14:07:41","slug":"kontakt","status":"publish","type":"page","link":"https:\/\/peccadello.ee\/?page_id=37","title":{"rendered":"Kontakt"},"content":{"rendered":"\n<p>Meie kohvik on avatud iga p\u00e4ev 10.00 &#8211; 20.00 <\/p>\n\n\n\n<p><strong>Caf\u00e9 Peccadello Kaubamajakas<\/strong><br>Papiniidu 8, P\u00e4rnu<br>Risco O\u00dc<br>Tel. +372 528 4414<br><a href=\"mailto:cafe@peccadello.ee\">cafe@peccadello.ee<\/a><\/p>\n\n\n\n<div id=\"wpgmza_map\" class=\"wpgmza_map\" data-settings='{\"id\":\"1\",\"map_title\":\"Kaart\",\"map_width\":\"100\",\"map_height\":\"400\",\"map_start_lat\":\"58.370596\",\"map_start_lng\":\"24.550282\",\"map_start_location\":\"58.370595959191206,24.550281595157152\",\"map_start_zoom\":\"16\",\"default_marker\":\"0\",\"type\":\"1\",\"alignment\":\"4\",\"directions_enabled\":\"1\",\"styling_enabled\":\"0\",\"styling_json\":\"\",\"active\":\"0\",\"kml\":\"\",\"bicycle\":\"0\",\"traffic\":\"0\",\"dbox\":\"1\",\"dbox_width\":\"100\",\"listmarkers\":\"0\",\"listmarkers_advanced\":\"0\",\"filterbycat\":\"0\",\"ugm_enabled\":\"0\",\"ugm_category_enabled\":\"0\",\"fusion\":\"\",\"map_width_type\":\"\\\\%\",\"map_height_type\":\"px\",\"mass_marker_support\":\"1\",\"ugm_access\":\"0\",\"order_markers_by\":\"1\",\"order_markers_choice\":\"2\",\"show_user_location\":\"0\",\"default_to\":\"\",\"other_settings\":{\"store_locator_enabled\":2,\"store_locator_distance\":2,\"store_locator_default_radius\":10,\"store_locator_not_found_message\":\"No results found in this location. Please try again.\",\"store_locator_bounce\":1,\"store_locator_query_string\":\"ZIP \\\/ Address:\",\"store_locator_default_address\":\"\",\"wpgmza_store_locator_restrict\":\"\",\"wpgmza_store_locator_radius_style\":\"modern\",\"map_max_zoom\":\"1\",\"transport_layer\":0,\"wpgmza_show_points_of_interest\":0,\"wpgmza_auto_night\":0}}' data-map-id='1' Data-maps-engine='open-layers' data-shortcode-attributes='{\"id\":\"1\"}' style=\"display:block; overflow:auto; width:100%; height:400px; float:left;\"><\/div>\n","protected":false},"excerpt":{"rendered":"<p>Meie kohvik on avatud iga p\u00e4ev 10.00 &#8211; 20.00 Caf\u00e9 Peccadello KaubamajakasPapiniidu 8, P\u00e4rnuRisco O\u00dcTel. +372 528 4414cafe@peccadello.ee<\/p>\n","protected":false},"author":1,"featured_media":0,"parent":0,"menu_order":0,"comment_status":"closed","ping_status":"closed","template":"","meta":{"footnotes":""},"class_list":["post-37","page","type-page","status-publish","hentry"],"_links":{"self":[{"href":"https:\/\/peccadello.ee\/index.php?rest_route=\/wp\/v2\/pages\/37","targetHints":{"allow":["GET"]}}],"collection":[{"href":"https:\/\/peccadello.ee\/index.php?rest_route=\/wp\/v2\/pages"}],"about":[{"href":"https:\/\/peccadello.ee\/index.php?rest_route=\/wp\/v2\/types\/page"}],"author":[{"embeddable":true,"href":"https:\/\/peccadello.ee\/index.php?rest_route=\/wp\/v2\/users\/1"}],"replies":[{"embeddable":true,"href":"https:\/\/peccadello.ee\/index.php?rest_route=%2Fwp%2Fv2%2Fcomments&post=37"}],"version-history":[{"count":6,"href":"https:\/\/peccadello.ee\/index.php?rest_route=\/wp\/v2\/pages\/37\/revisions"}],"predecessor-version":[{"id":251,"href":"https:\/\/peccadello.ee\/index.php?rest_route=\/wp\/v2\/pages\/37\/revisions\/251"}],"wp:attachment":[{"href":"https:\/\/peccadello.ee\/index.php?rest_route=%2Fwp%2Fv2%2Fmedia&parent=37"}],"curies":[{"name":"wp","href":"https:\/\/api.w.org\/{rel}","templated":true}]}}